{"id":272,"date":"2018-04-10T21:45:02","date_gmt":"2018-04-10T21:45:02","guid":{"rendered":"https:\/\/rccacre.com.br\/site\/?page_id=272"},"modified":"2018-04-10T22:06:23","modified_gmt":"2018-04-10T22:06:23","slug":"planejamento-estrategico-de-evangelizacao","status":"publish","type":"page","link":"https:\/\/rccacre.com.br\/site\/planejamento-estrategico-de-evangelizacao\/","title":{"rendered":"Planejamento estrat\u00e9gico de evangeliza\u00e7\u00e3o"},"content":{"rendered":"\t\t<div data-elementor-type=\"wp-post\" data-elementor-id=\"272\" class=\"elementor elementor-272 elementor-bc-flex-widget\" data-elementor-settings=\"[]\">\n\t\t\t\t\t\t<div class=\"elementor-inner\">\n\t\t\t\t\t\t\t<div class=\"elementor-section-wrap\">\n\t\t\t\t\t\t\t<section class=\"elementor-section elementor-top-section elementor-element elementor-element-e48ab81 elementor-section-boxed elementor-section-height-default elementor-section-height-default\" data-id=\"e48ab81\" data-element_type=\"section\">\n\t\t\t\t\t\t<div class=\"elementor-container elementor-column-gap-default\">\n\t\t\t\t\t\t\t<div class=\"elementor-row\">\n\t\t\t\t\t<div class=\"elementor-column elementor-col-100 elementor-top-column elementor-element elementor-element-48c342c\" data-id=\"48c342c\" data-element_type=\"column\">\n\t\t\t<div class=\"elementor-column-wrap elementor-element-populated\">\n\t\t\t\t\t\t\t<div class=\"elementor-widget-wrap\">\n\t\t\t\t\t\t<div class=\"elementor-element elementor-element-fbed3f4 elementor-widget elementor-widget-text-editor\" data-id=\"fbed3f4\" data-element_type=\"widget\" data-widget_type=\"text-editor.default\">\n\t\t\t\t<div class=\"elementor-widget-container\">\n\t\t\t\t\t\t\t\t<div class=\"elementor-text-editor elementor-clearfix\">\n\t\t\t\t<p>Durante o Encontro Nacional de Forma\u00e7\u00e3o 2014, foi apresentada aos coordenadores diocesanos e de Grupo de Ora\u00e7\u00e3o uma atualiza\u00e7\u00e3o do <a href=\"https:\/\/rccbrasil.org.br\/download_conta.php?id_down=123\"><strong>Planejamento Estrat\u00e9gico de Evangeliza\u00e7\u00e3o rumo ao Jubileu em 2017<\/strong><\/a>. Os pontos a serem trabalhados neste novo material apresentam um desenvolvimento T\u00e1tico Operacional para auxiliar os coordenadores no momento de por em pr\u00e1tica os direcionamentos, que se sustenta em sete pilares: Evangeliza\u00e7\u00e3o, Pastoreio, Espiritualidade, Forma\u00e7\u00e3o, Comunica\u00e7\u00e3o, Administra\u00e7\u00e3o no Esp\u00edrito e Miss\u00e3o.<\/p><p>A atualiza\u00e7\u00e3o apresentada faz parte da apostila <a href=\"http:\/\/rccshop.com.br\/loja\/direcionamentos-para-rcc-brasil.html\"><strong>\u201cDirecionamentos para a RCCBRASIL, rumo ao jubileu em 2017\u201d<\/strong><\/a>. Segundo a presidente do Conselho Nacional, Katia Zavaris, \u00e9 importante que todos os coordenadores do pa\u00eds conhe\u00e7am este material que oferece, sim, uma metodologia t\u00e9cnica, mas que prov\u00e9m de um direcionamento feito com muita ora\u00e7\u00e3o e mover do Esp\u00edrito Santo.<\/p><p>O material disponibilizado abaixo para download conta com os slides utilizados durante a Oficina realizada no ENF 2014 com os coordenadores e com as planilhas do Plano de A\u00e7\u00e3o que s\u00e3o uma ferramenta de implanta\u00e7\u00e3o e monitoramento dos pilares trabalhados.<\/p><p>Fa\u00e7a aqui o download:<\/p><p><a href=\"http:\/\/www.rccbrasil.org.br\/download_conta.php?id_down=353\"><strong>Forma\u00e7\u00e3o &#8211; Semeando a vida no Esp\u00edrito<\/strong><\/a><\/p><p><a href=\"http:\/\/www.rccbrasil.org.br\/download_conta.php?id_down=352\"><strong>Planilhas &#8211; Avalia\u00e7\u00f5es das Diretrizes<\/strong><\/a><\/p>\t\t\t\t\t<\/div>\n\t\t\t\t\t\t<\/div>\n\t\t\t\t<\/div>\n\t\t\t\t\t\t<\/div>\n\t\t\t\t\t<\/div>\n\t\t<\/div>\n\t\t\t\t\t\t\t\t<\/div>\n\t\t\t\t\t<\/div>\n\t\t<\/section>\n\t\t\t\t\t\t<\/div>\n\t\t\t\t\t\t<\/div>\n\t\t\t\t\t<\/div>\n\t\t","protected":false},"excerpt":{"rendered":"<p>Durante o Encontro Nacional de Forma\u00e7\u00e3o 2014, foi apresentada aos coordenadores diocesanos e de Grupo de Ora\u00e7\u00e3o uma atualiza\u00e7\u00e3o do Planejamento Estrat\u00e9gico de Evangeliza\u00e7\u00e3o rumo ao Jubileu em 2017. Os pontos a serem trabalhados neste novo material apresentam um desenvolvimento T\u00e1tico Operacional para auxiliar os coordenadores no momento de por em pr\u00e1tica os direcionamentos, que [&hellip;]<\/p>\n","protected":false},"author":1,"featured_media":0,"parent":0,"menu_order":0,"comment_status":"closed","ping_status":"closed","template":"","meta":[],"_links":{"self":[{"href":"https:\/\/rccacre.com.br\/site\/wp-json\/wp\/v2\/pages\/272"}],"collection":[{"href":"https:\/\/rccacre.com.br\/site\/wp-json\/wp\/v2\/pages"}],"about":[{"href":"https:\/\/rccacre.com.br\/site\/wp-json\/wp\/v2\/types\/page"}],"author":[{"embeddable":true,"href":"https:\/\/rccacre.com.br\/site\/wp-json\/wp\/v2\/users\/1"}],"replies":[{"embeddable":true,"href":"https:\/\/rccacre.com.br\/site\/wp-json\/wp\/v2\/comments?post=272"}],"version-history":[{"count":2,"href":"https:\/\/rccacre.com.br\/site\/wp-json\/wp\/v2\/pages\/272\/revisions"}],"predecessor-version":[{"id":285,"href":"https:\/\/rccacre.com.br\/site\/wp-json\/wp\/v2\/pages\/272\/revisions\/285"}],"wp:attachment":[{"href":"https:\/\/rccacre.com.br\/site\/wp-json\/wp\/v2\/media?parent=272"}],"curies":[{"name":"wp","href":"https:\/\/api.w.org\/{rel}","templated":true}]}}